{"id":1167,"date":"2013-04-05T13:33:38","date_gmt":"2013-04-05T13:33:38","guid":{"rendered":"http:\/\/www.kriesi.at\/themes\/enfold\/?page_id=1167"},"modified":"2025-11-28T22:43:30","modified_gmt":"2025-11-28T21:43:30","slug":"contact","status":"publish","type":"page","link":"https:\/\/linn-pumpen.de\/en\/kontakt\/","title":{"rendered":"Contact us"},"content":{"rendered":"<style type=\"text\/css\" data-created_by=\"avia_inline_auto\" id=\"style-css-av-mgept0le-479c9da2b96ac0dd324679e0e3b8ccd5\">\n.av-tab-section-outer-container.av-mgept0le-479c9da2b96ac0dd324679e0e3b8ccd5 .av-tab-section-tab-title-container{\nbackground-color:#f2f4f6;\n}\n<\/style>\n<div id='av-tab-section-1'  class='av-tab-section-container entry-content-wrapper main_color av-tab-no-transition av-tab-content-auto  av-tab-above-content  avia-builder-el-0  avia-builder-el-no-sibling  kontakt-tabs container_wrap sidebar_right'  ><div class='av-tab-section-outer-container av-mgept0le-479c9da2b96ac0dd324679e0e3b8ccd5'><div class='av-tab-section-tab-title-container avia-tab-title-padding-default' role='tablist'><a href='#kontakt' data-av-tab-section-title='1' class='av-section-tab-title av-active-tab-title no-scroll av-mgeq2dtc-3a0bfb89c1cff30bec1d98a3c9ca9b3a av-tab-with-icon av-tab-no-image' role='tab' tabindex='0' aria-controls='av-tab-section-1-1'><span class='av-tab-section-icon avia-iconfont avia-font-entypo-fontello' data-av_icon='\ue854' data-av_iconfont='entypo-fontello' ><\/span><span class='av-outer-tab-title'><span class='av-inner-tab-title'>Contact us<\/span><\/span><span class=\"av-tab-arrow-container\"><span><\/span><\/span><\/a><a href='#auslegung' data-av-tab-section-title='2' class='av-section-tab-title  av-mgeq3yga-cad0871c604d2ba8bb7b6499c0c5bf10 av-tab-with-icon av-tab-no-image' role='tab' tabindex='0' aria-controls='av-tab-section-1-2'><span class='av-tab-section-icon avia-iconfont avia-font-entypo-fontello' data-av_icon='\ue84c' data-av_iconfont='entypo-fontello' ><\/span><span class='av-outer-tab-title'><span class='av-inner-tab-title'>Interpretation<\/span><\/span><span class=\"av-tab-arrow-container\"><span><\/span><\/span><\/a><\/div><div class='av-tab-section-inner-container avia-section-default' style='width:200vw; left:0%;'><span class=\"av_prev_tab_section av_tab_navigation\"><\/span><span class=\"av_next_tab_section av_tab_navigation\"><\/span>\n\n<style type=\"text\/css\" data-created_by=\"avia_inline_auto\" id=\"style-css-av-mgeq2dtc-3a0bfb89c1cff30bec1d98a3c9ca9b3a\">\n.av-layout-tab.av-mgeq2dtc-3a0bfb89c1cff30bec1d98a3c9ca9b3a{\nvertical-align:top;\n}\n<\/style>\n<div id='av-tab-section-1-1' class='av-layout-tab av-mgeq2dtc-3a0bfb89c1cff30bec1d98a3c9ca9b3a av-animation-delay-container  avia-builder-el-1  el_before_av_tab_sub_section  avia-builder-el-first  av-active-tab-content __av_init_open' data-av-deeplink-tabs=\"\" data-av-tab-section-content=\"1\" data-tab-section-id=\"kontakt\"><div class=\"av-layout-tab-inner\"><div class=\"container\"><p><div  class='flex_column av-mgepw6bf-72a2999e5fd6ff7ecced6771b6899391 av_one_half  avia-builder-el-2  el_before_av_one_half  avia-builder-el-first  first flex_column_div'     ><p>\n<style type=\"text\/css\" data-created_by=\"avia_inline_auto\" id=\"style-css-av-ojxnlr-92160c32af7865310ba6ba1f90e00c71\">\n#top .av-special-heading.av-ojxnlr-92160c32af7865310ba6ba1f90e00c71{\npadding-bottom:10px;\n}\nbody .av-special-heading.av-ojxnlr-92160c32af7865310ba6ba1f90e00c71 .av-special-heading-tag .heading-char{\nfont-size:25px;\n}\n.av-special-heading.av-ojxnlr-92160c32af7865310ba6ba1f90e00c71 .av-subheading{\nfont-size:15px;\n}\n<\/style>\n<div  class='av-special-heading av-ojxnlr-92160c32af7865310ba6ba1f90e00c71 av-special-heading-h2  avia-builder-el-3  el_before_av_textblock  avia-builder-el-first'><h2 class='av-special-heading-tag'  itemprop=\"headline\"  >Get in touch with us<\/h2><div class=\"special-heading-border\"><div class=\"special-heading-inner-border\"><\/div><\/div><\/div><br \/>\n\n<style type=\"text\/css\" data-created_by=\"avia_inline_auto\" id=\"style-css-av-mgerpupt-9794a20535d535e014fffc03a41e2f8f\">\n#top .av_textblock_section.av-mgerpupt-9794a20535d535e014fffc03a41e2f8f .avia_textblock{\nfont-size:16px;\n}\n<\/style>\n<section  class='av_textblock_section av-mgerpupt-9794a20535d535e014fffc03a41e2f8f'   itemscope=\"itemscope\" itemtype=\"https:\/\/schema.org\/CreativeWork\" ><div class='avia_textblock'  itemprop=\"text\" ><h4>We will get back to you as soon as possible.<\/h4>\n<p data-start=\"222\" data-end=\"287\">Tel. <a href=\"tel:+492355902929\">02355 9029-29<\/a><br \/>\nE-Mail: <a href=\"mailto:info@linn-pumpen.de\">info@linn-pumpen.de<\/a><br \/>\n<a href=\"https:\/\/linn-pumpen.de\/en\/contact\/#auslegung\">Request design<\/a><\/p>\n<p>Linn-Pumpen GmbH<br \/>\nGewerbering 15<br \/>\n58579 Schalksm\u00fchle<\/p>\n<p data-start=\"222\" data-end=\"287\">\n<\/div><\/section><br \/>\n\n<style type=\"text\/css\" data-created_by=\"avia_inline_auto\" id=\"style-css-av-kva2b3-9bde69d776412c269b8ed302c9ee8e2d\">\n#top .av_textblock_section.av-kva2b3-9bde69d776412c269b8ed302c9ee8e2d .avia_textblock{\nfont-size:16px;\n}\n<\/style>\n<section  class='av_textblock_section av-kva2b3-9bde69d776412c269b8ed302c9ee8e2d'   itemscope=\"itemscope\" itemtype=\"https:\/\/schema.org\/CreativeWork\" ><div class='avia_textblock'  itemprop=\"text\" ><p data-start=\"347\" data-end=\"442\"><strong data-start=\"347\" data-end=\"366\">Business hours<\/strong><br data-start=\"366\" data-end=\"369\" \/>Monday to Thursday 08:00 to 17:00<br data-start=\"410\" data-end=\"413\" \/>Friday 08:00 to 15:00<\/p>\n<\/div><\/section><br \/>\n<div  class='hr av-26m3m7-b7e3d089083f20603490e8631beaf0aa hr-default  avia-builder-el-6  el_after_av_textblock  avia-builder-el-last'><span class='hr-inner'><span class=\"hr-inner-style\"><\/span><\/span><\/div><\/p><\/div><div  class='flex_column av-jcswgf-533a6646db11f80ce842569441ffdc39 av_one_half  avia-builder-el-7  el_after_av_one_half  avia-builder-el-last  flex_column_div'     ><form action=\"https:\/\/linn-pumpen.de\/en\/contact\/\" method=\"post\" data-fields-with-error=\"Found errors in the following field(s):\" class=\"avia_ajax_form av-form-labels-visible   avia-builder-el-8  avia-builder-el-no-sibling\" data-avia-form-id=\"1\" data-avia-redirect='https:\/\/linn-pumpen.de\/en\/danke\/' data-trp-original-action=\"https:\/\/linn-pumpen.de\/en\/kontakt\/\" ><h2 class=''>Contact form<\/h2><fieldset><p class='first_form  form_element form_element_half' id='element_avia_1_1'><label for=\"avia_1_1\">Name <abbr class=\"required\" title=\"required\">*<\/abbr><\/label> <input name=\"avia_1_1\" class=\"text_input is_empty\" type=\"text\" id=\"avia_1_1\" value=\"\" \/><\/p><p class='form_element form_element_half' id='element_avia_2_1'><label for=\"avia_2_1\">Surname <abbr class=\"required\" title=\"required\">*<\/abbr><\/label> <input name=\"avia_2_1\" class=\"text_input is_empty\" type=\"text\" id=\"avia_2_1\" value=\"\" \/><\/p><p class='first_form  form_element form_fullwidth' id='element_avia_3_1'><label for=\"avia_3_1\">The company <abbr class=\"required\" title=\"required\">*<\/abbr><\/label> <input name=\"avia_3_1\" class=\"text_input is_empty\" type=\"text\" id=\"avia_3_1\" value=\"\" \/><\/p><p class='first_form  form_element form_element_half' id='element_avia_4_1'><label for=\"avia_4_1\">e-mail <abbr class=\"required\" title=\"required\">*<\/abbr><\/label> <input name=\"avia_4_1\" class=\"text_input is_email\" type=\"text\" id=\"avia_4_1\" value=\"\" \/><\/p><p class='form_element form_element_half' id='element_avia_5_1'><label for=\"avia_5_1\">Telephone<\/label> <input name=\"avia_5_1\" class=\"text_input\" type=\"text\" id=\"avia_5_1\" value=\"\" \/><\/p><p class='first_form  form_element form_fullwidth' id='element_avia_6_1'><label for=\"avia_6_1\">Subject <abbr class=\"required\" title=\"required\">*<\/abbr><\/label><select  name=\"avia_6_1\" class=\"select is_empty\" id=\"avia_6_1\"><option   value='Bitte w\u00e4hlen'>Bitte w\u00e4hlen<\/option><option   value='Allgemeine Anfrage'>Allgemeine Anfrage<\/option><option   value='Technische R\u00fcckfrage'>Technische R\u00fcckfrage<\/option><option   value='Ersatzteile\/Service'>Ersatzteile\/Service<\/option><\/select><\/p><p class='first_form  form_element form_fullwidth' id='element_avia_7_1'><label for=\"avia_7_1\" class=\"textare_label hidden textare_label_avia_7_1\">Message <abbr class=\"required\" title=\"required\">*<\/abbr><\/label><textarea  name=\"avia_7_1\" class=\"text_area is_empty\" cols=\"40\" rows=\"7\" id=\"avia_7_1\" ><\/textarea><\/p><div id='avia_8_1' class='av-form-text'><p>\nPlease read our privacy policy for detailed information on how we collect, store and protect your data.<\/p>\n<\/div><p class=\"hidden\"><input type=\"text\" name=\"avia_9_1\" class=\"hidden\" id=\"avia_9_1\" value=\"\" \/><\/p><p class=\"form_element\"><input type=\"hidden\" value=\"1\" name=\"avia_generated_form1\" \/><input type=\"submit\" value=\"Send\" class=\"button\"  data-sending-label=\"Sending\"\/><\/p><\/fieldset><input type=\"hidden\" name=\"trp-form-language\" value=\"en\"\/><\/form><div id=\"ajaxresponse_1\" class=\"ajaxresponse ajaxresponse_1 hidden\"><\/div><\/div><\/p>\n<\/div><\/div><\/div>\n<style type=\"text\/css\" data-created_by=\"avia_inline_auto\" id=\"style-css-av-mgeq3yga-cad0871c604d2ba8bb7b6499c0c5bf10\">\n.av-layout-tab.av-mgeq3yga-cad0871c604d2ba8bb7b6499c0c5bf10{\nvertical-align:top;\n}\n<\/style>\n<div id='av-tab-section-1-2' class='av-layout-tab av-mgeq3yga-cad0871c604d2ba8bb7b6499c0c5bf10 av-animation-delay-container  avia-builder-el-9  el_after_av_tab_sub_section  avia-builder-el-last' data-av-deeplink-tabs=\"\" data-av-tab-section-content=\"2\" data-tab-section-id=\"auslegung\"><div class=\"av-layout-tab-inner\"><div class=\"container\"><div  class='flex_column av-clrrz-27059811c30215e691adb28e2adad7f5 av_one_full  avia-builder-el-10  avia-builder-el-no-sibling  first flex_column_div'     ><form action=\"https:\/\/linn-pumpen.de\/en\/contact\/\" method=\"post\" data-fields-with-error=\"Found errors in the following field(s):\" class=\"avia_ajax_form av-form-labels-visible   avia-builder-el-11  avia-builder-el-no-sibling\" data-avia-form-id=\"2\" data-avia-redirect='https:\/\/linn-pumpen.de\/en\/danke\/' data-trp-original-action=\"https:\/\/linn-pumpen.de\/en\/kontakt\/\" ><h2 class=''>Request pump design<\/h2><fieldset><h3 id='element_avia_1_2' class='first_form  form_element form_fullwidth av-form-headline'>We recommend the appropriate pump. Enter the operating data. Details are optional.<\/h3><p id='element_avia_2_2' class='first_form  form_element form_fullwidth av-form-empty-line'> <\/p><h3 id='element_avia_3_2' class='first_form  form_element form_fullwidth av-form-headline'>Operating data<\/h3><p class='first_form  form_element form_element_third' id='element_avia_4_2'><label for=\"avia_4_2\">Conveying medium<\/label> <input name=\"avia_4_2\" class=\"text_input\" type=\"text\" id=\"avia_4_2\" value=\"\" \/><\/p><p class='form_element form_element_third' id='element_avia_5_2'><label for=\"avia_5_2\">Delivery rate (l\/min)<\/label> <input name=\"avia_5_2\" class=\"text_input\" type=\"text\" id=\"avia_5_2\" value=\"\" \/><\/p><p class='form_element form_element_third' id='element_avia_6_2'><label for=\"avia_6_2\">Media temperature (\u00b0C)<\/label> <input name=\"avia_6_2\" class=\"text_input\" type=\"text\" id=\"avia_6_2\" value=\"\" \/><\/p><p class='first_form  form_element form_element_third' id='element_avia_7_2'><label for=\"avia_7_2\">Viscosity (mm\u00b2\/s)<\/label> <input name=\"avia_7_2\" class=\"text_input\" type=\"text\" id=\"avia_7_2\" value=\"\" \/><\/p><p class='form_element form_element_third' id='element_avia_8_2'><label for=\"avia_8_2\">Density of the medium (kg\/dm\u00b3)<\/label> <input name=\"avia_8_2\" class=\"text_input\" type=\"text\" id=\"avia_8_2\" value=\"\" \/><\/p><p class='form_element form_element_third' id='element_avia_9_2'><label for=\"avia_9_2\">Inlet pressure (bar)<\/label> <input name=\"avia_9_2\" class=\"text_input\" type=\"text\" id=\"avia_9_2\" value=\"\" \/><\/p><p class='first_form  form_element form_element_third' id='element_avia_10_2'><label for=\"avia_10_2\">Outlet pressure (bar)<\/label> <input name=\"avia_10_2\" class=\"text_input\" type=\"text\" id=\"avia_10_2\" value=\"\" \/><\/p><p class='form_element form_element_third' id='element_avia_11_2'><label for=\"avia_11_2\">Intake height (m)<\/label> <input name=\"avia_11_2\" class=\"text_input\" type=\"text\" id=\"avia_11_2\" value=\"\" \/><\/p><p class='first_form  form_element form_fullwidth' id='element_avia_12_2'><label for=\"avia_12_2\" class=\"textare_label hidden textare_label_avia_12_2\">Application description \/ Note <abbr class=\"required\" title=\"required\">*<\/abbr><\/label><textarea  name=\"avia_12_2\" class=\"text_area is_empty\" cols=\"40\" rows=\"7\" id=\"avia_12_2\" ><\/textarea><\/p><p id='element_avia_13_2' class='first_form  form_element form_fullwidth av-form-empty-line'> <\/p><h3 id='element_avia_14_2' class='first_form  form_element form_fullwidth av-form-headline'>Solids \/ environment<\/h3><p class='first_form  form_element form_element_half' id='element_avia_15_2'><label for=\"avia_15_2\">Solids content<\/label> <input name=\"avia_15_2\" class=\"text_input\" type=\"text\" id=\"avia_15_2\" value=\"\" \/><\/p><p class='form_element form_element_half' id='element_avia_16_2'><label for=\"avia_16_2\">Operating environment<\/label><select  name=\"avia_16_2\" class=\"select\" id=\"avia_16_2\"><option   value='Innen'>Inside<\/option><option   value='Au\u00dfen'>Exterior<\/option><option   value='Ex-gesch\u00fctzt'>Ex-protected<\/option><\/select><\/p><p id='element_avia_17_2' class='first_form  form_element form_fullwidth av-form-empty-line'> <\/p><h3 id='element_avia_18_2' class='first_form  form_element form_fullwidth av-form-headline'>Drive<\/h3><p class='first_form  form_element form_element_half' id='element_avia_19_2'><label for=\"avia_19_2\">Drive unit<\/label><select  name=\"avia_19_2\" class=\"select\" id=\"avia_19_2\"><option   value='Mit Antrieb'>With drive<\/option><option   value='Ohne Antrieb'>Without drive<\/option><option   value='Mit Frequenzumrichter'>With frequency inverter<\/option><\/select><\/p><p class='form_element form_element_half' id='element_avia_20_2'><label for=\"avia_20_2\">Motor data: Voltage, phases, frequency<\/label> <input name=\"avia_20_2\" class=\"text_input\" type=\"text\" id=\"avia_20_2\" value=\"\" \/><\/p><p id='element_avia_21_2' class='first_form  form_element form_fullwidth av-form-empty-line'> <\/p><h3 id='element_avia_22_2' class='first_form  form_element form_fullwidth av-form-headline'>Contact details<\/h3><p class='first_form  form_element form_element_third' id='element_avia_23_2'><label for=\"avia_23_2\">Name <abbr class=\"required\" title=\"required\">*<\/abbr><\/label> <input name=\"avia_23_2\" class=\"text_input is_empty\" type=\"text\" id=\"avia_23_2\" value=\"\" \/><\/p><p class='form_element form_element_third' id='element_avia_24_2'><label for=\"avia_24_2\">Surname <abbr class=\"required\" title=\"required\">*<\/abbr><\/label> <input name=\"avia_24_2\" class=\"text_input is_empty\" type=\"text\" id=\"avia_24_2\" value=\"\" \/><\/p><p class='first_form  form_element form_fullwidth' id='element_avia_25_2'><label for=\"avia_25_2\">The company <abbr class=\"required\" title=\"required\">*<\/abbr><\/label> <input name=\"avia_25_2\" class=\"text_input is_empty\" type=\"text\" id=\"avia_25_2\" value=\"\" \/><\/p><p class='first_form  form_element form_element_half' id='element_avia_26_2'><label for=\"avia_26_2\">e-mail <abbr class=\"required\" title=\"required\">*<\/abbr><\/label> <input name=\"avia_26_2\" class=\"text_input is_email\" type=\"text\" id=\"avia_26_2\" value=\"\" \/><\/p><p class='form_element form_element_half' id='element_avia_27_2'><label for=\"avia_27_2\">Telephone<\/label> <input name=\"avia_27_2\" class=\"text_input\" type=\"text\" id=\"avia_27_2\" value=\"\" \/><\/p><div id='avia_28_2' class='av-form-text'><p>\nPlease read our privacy policy for detailed information on how we collect, store and protect your data.<\/p>\n<\/div><p class=\"hidden\"><input type=\"text\" name=\"avia_29_2\" class=\"hidden\" id=\"avia_29_2\" value=\"\" \/><\/p><p class=\"form_element\"><input type=\"hidden\" value=\"1\" name=\"avia_generated_form2\" \/><input type=\"submit\" value=\"Request design\" class=\"button\"  data-sending-label=\"Sending\"\/><\/p><\/fieldset><input type=\"hidden\" name=\"trp-form-language\" value=\"en\"\/><\/form><div id=\"ajaxresponse_2\" class=\"ajaxresponse ajaxresponse_2 hidden\"><\/div><\/div>\n<\/div><\/div><\/div><\/div><\/div><\/div>","protected":false},"excerpt":{"rendered":"","protected":false},"author":1,"featured_media":0,"parent":0,"menu_order":0,"comment_status":"open","ping_status":"open","template":"","meta":{"footnotes":""},"class_list":["post-1167","page","type-page","status-publish","hentry"],"yoast_head":"<!-- This site is optimized with the Yoast SEO Premium plugin v27.3 (Yoast SEO v27.5) - https:\/\/yoast.com\/product\/yoast-seo-premium-wordpress\/ -->\n<title>Kontakt | Linn-Pumpen<\/title>\n<meta name=\"description\" content=\"Kontaktieren Sie Linn-Pumpen f\u00fcr Zahnradpumpen und zuverl\u00e4ssige L\u00f6sungen. Rufen Sie uns an oder nutzen Sie unser Kontaktformular.\" \/>\n<meta name=\"robots\" content=\"index, follow, max-snippet:-1, max-image-preview:large, max-video-preview:-1\" \/>\n<link rel=\"canonical\" href=\"https:\/\/linn-pumpen.de\/en\/contact\/\" \/>\n<meta property=\"og:locale\" content=\"en_US\" \/>\n<meta property=\"og:type\" content=\"article\" \/>\n<meta property=\"og:title\" content=\"Kontakt\" \/>\n<meta property=\"og:description\" content=\"Kontaktieren Sie Linn-Pumpen f\u00fcr Zahnradpumpen und zuverl\u00e4ssige L\u00f6sungen. Rufen Sie uns an oder nutzen Sie unser Kontaktformular.\" \/>\n<meta property=\"og:url\" content=\"https:\/\/linn-pumpen.de\/en\/contact\/\" \/>\n<meta property=\"og:site_name\" content=\"Linn-Pumpen GmbH\" \/>\n<meta property=\"article:modified_time\" content=\"2025-11-28T21:43:30+00:00\" \/>\n<meta name=\"twitter:card\" content=\"summary_large_image\" \/>\n<meta name=\"twitter:label1\" content=\"Est. reading time\" \/>\n\t<meta name=\"twitter:data1\" content=\"1 minute\" \/>\n<script type=\"application\/ld+json\" class=\"yoast-schema-graph\">{\"@context\":\"https:\\\/\\\/schema.org\",\"@graph\":[{\"@type\":\"WebPage\",\"@id\":\"https:\\\/\\\/linn-pumpen.de\\\/kontakt\\\/\",\"url\":\"https:\\\/\\\/linn-pumpen.de\\\/kontakt\\\/\",\"name\":\"Kontakt | Linn-Pumpen\",\"isPartOf\":{\"@id\":\"https:\\\/\\\/linn-pumpen.de\\\/#website\"},\"datePublished\":\"2013-04-05T13:33:38+00:00\",\"dateModified\":\"2025-11-28T21:43:30+00:00\",\"description\":\"Kontaktieren Sie Linn-Pumpen f\u00fcr Zahnradpumpen und zuverl\u00e4ssige L\u00f6sungen. Rufen Sie uns an oder nutzen Sie unser Kontaktformular.\",\"breadcrumb\":{\"@id\":\"https:\\\/\\\/linn-pumpen.de\\\/kontakt\\\/#breadcrumb\"},\"inLanguage\":\"en-US\",\"potentialAction\":[{\"@type\":\"ReadAction\",\"target\":[\"https:\\\/\\\/linn-pumpen.de\\\/kontakt\\\/\"]}]},{\"@type\":\"BreadcrumbList\",\"@id\":\"https:\\\/\\\/linn-pumpen.de\\\/kontakt\\\/#breadcrumb\",\"itemListElement\":[{\"@type\":\"ListItem\",\"position\":1,\"name\":\"Startseite\",\"item\":\"https:\\\/\\\/linn-pumpen.de\\\/homepage\\\/\"},{\"@type\":\"ListItem\",\"position\":2,\"name\":\"Kontakt\"}]},{\"@type\":\"WebSite\",\"@id\":\"https:\\\/\\\/linn-pumpen.de\\\/#website\",\"url\":\"https:\\\/\\\/linn-pumpen.de\\\/\",\"name\":\"Linn-Pumpen\",\"description\":\"Ihr Partner f&uuml;r hochwertige Zahnradpumpen\",\"publisher\":{\"@id\":\"https:\\\/\\\/linn-pumpen.de\\\/#organization\"},\"potentialAction\":[{\"@type\":\"SearchAction\",\"target\":{\"@type\":\"EntryPoint\",\"urlTemplate\":\"https:\\\/\\\/linn-pumpen.de\\\/?s={search_term_string}\"},\"query-input\":{\"@type\":\"PropertyValueSpecification\",\"valueRequired\":true,\"valueName\":\"search_term_string\"}}],\"inLanguage\":\"en-US\"},{\"@type\":\"Organization\",\"@id\":\"https:\\\/\\\/linn-pumpen.de\\\/#organization\",\"name\":\"Linn-Pumpen GmbH\",\"url\":\"https:\\\/\\\/linn-pumpen.de\\\/\",\"logo\":{\"@type\":\"ImageObject\",\"inLanguage\":\"en-US\",\"@id\":\"https:\\\/\\\/linn-pumpen.de\\\/#\\\/schema\\\/logo\\\/image\\\/\",\"url\":\"https:\\\/\\\/linn-pumpen.de\\\/wp-content\\\/uploads\\\/2025\\\/11\\\/Logo_LINNPumpen_512x512.png\",\"contentUrl\":\"https:\\\/\\\/linn-pumpen.de\\\/wp-content\\\/uploads\\\/2025\\\/11\\\/Logo_LINNPumpen_512x512.png\",\"width\":500,\"height\":500,\"caption\":\"Linn-Pumpen GmbH\"},\"image\":{\"@id\":\"https:\\\/\\\/linn-pumpen.de\\\/#\\\/schema\\\/logo\\\/image\\\/\"}}]}<\/script>\n<!-- \/ Yoast SEO Premium plugin. -->","yoast_head_json":{"title":"Contact | Linn pumps","description":"Contact Linn-Pumpen for gear pumps and reliable solutions. Give us a call or use our contact form.","robots":{"index":"index","follow":"follow","max-snippet":"max-snippet:-1","max-image-preview":"max-image-preview:large","max-video-preview":"max-video-preview:-1"},"canonical":"https:\/\/linn-pumpen.de\/en\/contact\/","og_locale":"en_US","og_type":"article","og_title":"Kontakt","og_description":"Kontaktieren Sie Linn-Pumpen f\u00fcr Zahnradpumpen und zuverl\u00e4ssige L\u00f6sungen. Rufen Sie uns an oder nutzen Sie unser Kontaktformular.","og_url":"https:\/\/linn-pumpen.de\/en\/contact\/","og_site_name":"Linn-Pumpen GmbH","article_modified_time":"2025-11-28T21:43:30+00:00","twitter_card":"summary_large_image","twitter_misc":{"Est. reading time":"1 minute"},"schema":{"@context":"https:\/\/schema.org","@graph":[{"@type":"WebPage","@id":"https:\/\/linn-pumpen.de\/kontakt\/","url":"https:\/\/linn-pumpen.de\/kontakt\/","name":"Contact | Linn pumps","isPartOf":{"@id":"https:\/\/linn-pumpen.de\/#website"},"datePublished":"2013-04-05T13:33:38+00:00","dateModified":"2025-11-28T21:43:30+00:00","description":"Contact Linn-Pumpen for gear pumps and reliable solutions. Give us a call or use our contact form.","breadcrumb":{"@id":"https:\/\/linn-pumpen.de\/kontakt\/#breadcrumb"},"inLanguage":"en-US","potentialAction":[{"@type":"ReadAction","target":["https:\/\/linn-pumpen.de\/kontakt\/"]}]},{"@type":"BreadcrumbList","@id":"https:\/\/linn-pumpen.de\/kontakt\/#breadcrumb","itemListElement":[{"@type":"ListItem","position":1,"name":"Startseite","item":"https:\/\/linn-pumpen.de\/homepage\/"},{"@type":"ListItem","position":2,"name":"Kontakt"}]},{"@type":"WebSite","@id":"https:\/\/linn-pumpen.de\/#website","url":"https:\/\/linn-pumpen.de\/","name":"Linn pumps","description":"Ihr Partner f&uuml;r hochwertige Zahnradpumpen","publisher":{"@id":"https:\/\/linn-pumpen.de\/#organization"},"potentialAction":[{"@type":"SearchAction","target":{"@type":"EntryPoint","urlTemplate":"https:\/\/linn-pumpen.de\/?s={search_term_string}"},"query-input":{"@type":"PropertyValueSpecification","valueRequired":true,"valueName":"search_term_string"}}],"inLanguage":"en-US"},{"@type":"Organization","@id":"https:\/\/linn-pumpen.de\/#organization","name":"Linn-Pumpen GmbH","url":"https:\/\/linn-pumpen.de\/","logo":{"@type":"ImageObject","inLanguage":"en-US","@id":"https:\/\/linn-pumpen.de\/#\/schema\/logo\/image\/","url":"https:\/\/linn-pumpen.de\/wp-content\/uploads\/2025\/11\/Logo_LINNPumpen_512x512.png","contentUrl":"https:\/\/linn-pumpen.de\/wp-content\/uploads\/2025\/11\/Logo_LINNPumpen_512x512.png","width":500,"height":500,"caption":"Linn-Pumpen GmbH"},"image":{"@id":"https:\/\/linn-pumpen.de\/#\/schema\/logo\/image\/"}}]}},"_links":{"self":[{"href":"https:\/\/linn-pumpen.de\/en\/wp-json\/wp\/v2\/pages\/1167","targetHints":{"allow":["GET"]}}],"collection":[{"href":"https:\/\/linn-pumpen.de\/en\/wp-json\/wp\/v2\/pages"}],"about":[{"href":"https:\/\/linn-pumpen.de\/en\/wp-json\/wp\/v2\/types\/page"}],"author":[{"embeddable":true,"href":"https:\/\/linn-pumpen.de\/en\/wp-json\/wp\/v2\/users\/1"}],"replies":[{"embeddable":true,"href":"https:\/\/linn-pumpen.de\/en\/wp-json\/wp\/v2\/comments?post=1167"}],"version-history":[{"count":107,"href":"https:\/\/linn-pumpen.de\/en\/wp-json\/wp\/v2\/pages\/1167\/revisions"}],"predecessor-version":[{"id":8590,"href":"https:\/\/linn-pumpen.de\/en\/wp-json\/wp\/v2\/pages\/1167\/revisions\/8590"}],"wp:attachment":[{"href":"https:\/\/linn-pumpen.de\/en\/wp-json\/wp\/v2\/media?parent=1167"}],"curies":[{"name":"wp","href":"https:\/\/api.w.org\/{rel}","templated":true}]}}